{"id":501,"date":"2022-07-06T07:44:04","date_gmt":"2022-07-06T07:44:04","guid":{"rendered":"https:\/\/klubdiplomatov.si\/?page_id=501"},"modified":"2022-07-06T07:47:12","modified_gmt":"2022-07-06T07:47:12","slug":"blog","status":"publish","type":"page","link":"https:\/\/klubdiplomatov.si\/en\/blog\/","title":{"rendered":"Blog"},"content":{"rendered":"<div class=\"wp-block-query is-layout-flow wp-block-query-is-layout-flow\"><ul class=\"wp-block-post-template is-layout-flow wp-block-post-template-is-layout-flow\"><li class=\"wp-block-post post-1561 post type-post status-publish format-standard hentry category-blog tag-diplomacija tag-international-womens-day tag-pravice-zensk entry\">\n<h2 class=\"wp-block-post-title\"><a href=\"https:\/\/klubdiplomatov.si\/en\/prispevek-za-osmi-marec\/\" target=\"_self\" >Prispevek za osmi marec<\/a><\/h2>\n\n\n\n<div class=\"wp-block-post-excerpt\"><p class=\"wp-block-post-excerpt__excerpt\">V Afganistanu so talibani uvedli nov kazenski zakonik, ki dodatno omejuje pravice \u017eensk in po navedbah medijev omogo\u010da legalizacijo nasilja v dru\u017eini, \u010de posledice niso vidne huj\u0161e po\u0161kodbe, kot so zlomi. Zakonik razveljavlja zakon iz leta 2009 o odpravi nasilja nad \u017eenskami in uvaja sistem kaznovanja, ki je odvisen od dru\u017ebenega statusa storilca. Po novem&hellip; <\/p><\/div>\n\n\n<hr class=\"wp-block-separator has-css-opacity\"\/>\n\n\n<div class=\"wp-block-post-date\"><time datetime=\"2026-02-23T14:30:10+00:00\">February 23, 2026<\/time><\/div>\n<\/li><li class=\"wp-block-post post-1348 post type-post status-publish format-standard hentry category-blog category-novice category-uncategorized tag-diplomacija tag-international-labour-day tag-klub-diplomatov entry\">\n<h2 class=\"wp-block-post-title\"><a href=\"https:\/\/klubdiplomatov.si\/en\/cestitka-ob-svetovnem-prazniku-dela\/\" target=\"_self\" >\u010cestitka ob svetovnem prazniku dela<\/a><\/h2>\n\n\n\n<div class=\"wp-block-post-excerpt\"><p class=\"wp-block-post-excerpt__excerpt\">Vesel mednarodni praznik dela,\u00a0 happy International Labour Day! Danes slavimo predanost, odpornost in neprecenljive prispevke delavcev po vsem svetu. Ob tem mednarodnem prazniku dela se iskreno zahvaljujemo vsem, katerih trdo delo spodbuja napredek, gradi skupnosti in oblikuje bolj\u0161o prihodnost. \u0160e naprej spo\u0161tujmo dostojanstvo dela in si prizadevajmo za pravi\u010dnost, enakost in varne delovne pogoje za&hellip; <\/p><\/div>\n\n\n<hr class=\"wp-block-separator has-css-opacity\"\/>\n\n\n<div class=\"wp-block-post-date\"><time datetime=\"2025-04-30T06:05:39+00:00\">April 30, 2025<\/time><\/div>\n<\/li><li class=\"wp-block-post post-1338 post type-post status-publish format-standard hentry category-blog category-dogodki category-novice tag-aktualni-dogodki tag-novice tag-vabilo entry\">\n<h2 class=\"wp-block-post-title\"><a href=\"https:\/\/klubdiplomatov.si\/en\/vabilo-clanom-k-sodelovanju\/\" target=\"_self\" >Vabilo \u010dlanom k sodelovanju<\/a><\/h2>\n\n\n\n<div class=\"wp-block-post-excerpt\"><p class=\"wp-block-post-excerpt__excerpt\">\u010clane Kluba diplomatov Slovenije vabimo, da nam posredujete prispevke, zanimivosti, aktualne novice iz sveta diplomacije ter informacije o prihajajo\u010dih dogodkih, o katerih bi radi obvestili tudi druge \u010dlane na\u0161ega kluba. Svoje predloge lahko po\u0161ljete na elektronski naslov diplomati@klubdiplomatov.si ali na tina.skufca@klubdiplomatov.si. Vljudno vabljeni k sodelovanju. <\/p><\/div>\n\n\n<hr class=\"wp-block-separator has-css-opacity\"\/>\n\n\n<div class=\"wp-block-post-date\"><time datetime=\"2025-04-14T08:30:29+00:00\">April 14, 2025<\/time><\/div>\n<\/li><\/ul><\/div>","protected":false},"excerpt":{"rendered":"","protected":false},"author":1,"featured_media":0,"parent":0,"menu_order":0,"comment_status":"closed","ping_status":"closed","template":"","meta":{"footnotes":""},"class_list":["post-501","page","type-page","status-publish","hentry","entry"],"aioseo_notices":[],"_links":{"self":[{"href":"https:\/\/klubdiplomatov.si\/en\/wp-json\/wp\/v2\/pages\/501","targetHints":{"allow":["GET"]}}],"collection":[{"href":"https:\/\/klubdiplomatov.si\/en\/wp-json\/wp\/v2\/pages"}],"about":[{"href":"https:\/\/klubdiplomatov.si\/en\/wp-json\/wp\/v2\/types\/page"}],"author":[{"embeddable":true,"href":"https:\/\/klubdiplomatov.si\/en\/wp-json\/wp\/v2\/users\/1"}],"replies":[{"embeddable":true,"href":"https:\/\/klubdiplomatov.si\/en\/wp-json\/wp\/v2\/comments?post=501"}],"version-history":[{"count":1,"href":"https:\/\/klubdiplomatov.si\/en\/wp-json\/wp\/v2\/pages\/501\/revisions"}],"predecessor-version":[{"id":502,"href":"https:\/\/klubdiplomatov.si\/en\/wp-json\/wp\/v2\/pages\/501\/revisions\/502"}],"wp:attachment":[{"href":"https:\/\/klubdiplomatov.si\/en\/wp-json\/wp\/v2\/media?parent=501"}],"curies":[{"name":"wp","href":"https:\/\/api.w.org\/{rel}","templated":true}]}}